{"id":2,"date":"2014-06-04T20:52:02","date_gmt":"2014-06-05T00:52:02","guid":{"rendered":"http:\/\/www.pascal.cl\/?page_id=2"},"modified":"2017-10-19T14:26:38","modified_gmt":"2017-10-19T18:26:38","slug":"inicio","status":"publish","type":"page","link":"https:\/\/www.pascal.cl\/","title":{"rendered":""},"content":{"rendered":"<p><span style=\"font-family: Georgia; font-size: large; color: #000000;\">Pascal y Cia. S.A. es una empresa que fue fundada en 1979 y hoy representa a una amplia gama de f\u00e1bricas de repuestos automotrices de Brasil, U.S.A.,M\u00e9xico y Europa. Nuestra labor es prestar el mejor servicio a clientes, que importan productos de excelencia tanto para la l\u00ednea liviana como pesada, a trav\u00e9s de nuestras marcas. Por todo esto, le invitamos a ingresar a la lista de Representadas y revisar sus p\u00e1ginas web donde encontrar\u00e1 la mejor informaci\u00f3n de sus productos y sus cat\u00e1logos.<\/span><\/h1>\n","protected":false},"excerpt":{"rendered":"<p>Pascal y Cia. S.A. es una empresa que fue fundada en 1979 y hoy representa a una amplia gama de f\u00e1bricas de repuestos automotrices de Brasil, U.S.A.,M\u00e9xico y Europa. Nuestra labor es prestar el mejor servicio a clientes, que importan productos de excelencia tanto para la l\u00ednea liviana como pesada, a trav\u00e9s de nuestras marcas. [&hellip;]<\/p>\n","protected":false},"author":1,"featured_media":0,"parent":0,"menu_order":1,"comment_status":"closed","ping_status":"closed","template":"","meta":[],"_links":{"self":[{"href":"https:\/\/www.pascal.cl\/index.php?rest_route=\/wp\/v2\/pages\/2"}],"collection":[{"href":"https:\/\/www.pascal.cl\/index.php?rest_route=\/wp\/v2\/pages"}],"about":[{"href":"https:\/\/www.pascal.cl\/index.php?rest_route=\/wp\/v2\/types\/page"}],"author":[{"embeddable":true,"href":"https:\/\/www.pascal.cl\/index.php?rest_route=\/wp\/v2\/users\/1"}],"replies":[{"embeddable":true,"href":"https:\/\/www.pascal.cl\/index.php?rest_route=%2Fwp%2Fv2%2Fcomments&post=2"}],"version-history":[{"count":41,"href":"https:\/\/www.pascal.cl\/index.php?rest_route=\/wp\/v2\/pages\/2\/revisions"}],"predecessor-version":[{"id":391,"href":"https:\/\/www.pascal.cl\/index.php?rest_route=\/wp\/v2\/pages\/2\/revisions\/391"}],"wp:attachment":[{"href":"https:\/\/www.pascal.cl\/index.php?rest_route=%2Fwp%2Fv2%2Fmedia&parent=2"}],"curies":[{"name":"wp","href":"https:\/\/api.w.org\/{rel}","templated":true}]}}