{"id":19,"date":"2014-06-04T17:52:31","date_gmt":"2014-06-04T21:52:31","guid":{"rendered":"http:\/\/www.pascal.cl\/?page_id=19"},"modified":"2021-05-04T00:09:54","modified_gmt":"2021-05-04T04:09:54","slug":"contactenos","status":"publish","type":"page","link":"https:\/\/www.pascal.cl\/?page_id=19","title":{"rendered":"CONTACTENOS"},"content":{"rendered":"\n<style=\"height: 364px;\" border=\"1px\" width=\"1106\" cellpadding=\"20px\">\n\n<style=\"width: 700px; height: 800;\" align=\"center\">\n<p>&nbsp;<\/p>\n<h3><span style=\"color: #0000ff;\">Pascal y Cia S.A.<\/span><\/h3>\n<p style=\"text-align: center;\"><span style=\"font-family: verdana; font-size: large; color: #000000;\">&nbsp; &nbsp; &nbsp; &nbsp; &nbsp; Direcci\u00f3n: SANTA MARGARITA N\u00b0 423 CONC\u00d3N VALPARA\u00cdSO &#8211;<\/span><br><span style=\"font-family: verdana; font-size: large; color: #000000;\">Chile \u2013 C\u00f3digo postal 2510659<br>Tel\u00e9fonos: 56 9 9333 8083<br><a href=\"mailto:info@pascal.cl?Subject=Hello%20again\" target=\"_top\" rel=\"noopener\">info@pascal.cl<\/a><br>Gerente General: Jos\u00e9 Manuel Pascal B.<br>Tel\u00e9fonos:&nbsp;56 9 9220 3041<\/span><br><span style=\"font-family: verdana; font-size: large; color: #000000;\"><a href=\"mailto:josemanuel@pascal.cl?Subject=Hello%20again\" target=\"_top\" rel=\"noopener\">josemanuel@pascal.cl<\/a><br>Ventas: Waldo Morales A.<br>Tel\u00e9fonos: 56 9 9333 7780<br><a href=\"mailto:waldomorales@pascal.cl?Subject=Hello%20again\" target=\"_top\" rel=\"noopener\">waldomorales@pascal.cl<\/a><\/span><\/p>\n","protected":false},"excerpt":{"rendered":"<p>&nbsp; Pascal y Cia S.A. &nbsp; &nbsp; &nbsp; &nbsp; &nbsp; Direcci\u00f3n: SANTA MARGARITA N\u00b0 423 CONC\u00d3N VALPARA\u00cdSO &#8211;Chile \u2013 C\u00f3digo postal 2510659Tel\u00e9fonos: 56 9 9333 8083info@pascal.clGerente General: Jos\u00e9 Manuel Pascal B.Tel\u00e9fonos:&nbsp;56 9 9220 3041josemanuel@pascal.clVentas: Waldo Morales A.Tel\u00e9fonos: 56 9 9333 7780waldomorales@pascal.cl<\/p>\n","protected":false},"author":1,"featured_media":0,"parent":0,"menu_order":3,"comment_status":"closed","ping_status":"closed","template":"","meta":[],"_links":{"self":[{"href":"https:\/\/www.pascal.cl\/index.php?rest_route=\/wp\/v2\/pages\/19"}],"collection":[{"href":"https:\/\/www.pascal.cl\/index.php?rest_route=\/wp\/v2\/pages"}],"about":[{"href":"https:\/\/www.pascal.cl\/index.php?rest_route=\/wp\/v2\/types\/page"}],"author":[{"embeddable":true,"href":"https:\/\/www.pascal.cl\/index.php?rest_route=\/wp\/v2\/users\/1"}],"replies":[{"embeddable":true,"href":"https:\/\/www.pascal.cl\/index.php?rest_route=%2Fwp%2Fv2%2Fcomments&post=19"}],"version-history":[{"count":16,"href":"https:\/\/www.pascal.cl\/index.php?rest_route=\/wp\/v2\/pages\/19\/revisions"}],"predecessor-version":[{"id":411,"href":"https:\/\/www.pascal.cl\/index.php?rest_route=\/wp\/v2\/pages\/19\/revisions\/411"}],"wp:attachment":[{"href":"https:\/\/www.pascal.cl\/index.php?rest_route=%2Fwp%2Fv2%2Fmedia&parent=19"}],"curies":[{"name":"wp","href":"https:\/\/api.w.org\/{rel}","templated":true}]}}