{"id":13,"date":"2014-06-04T17:51:09","date_gmt":"2014-06-04T21:51:09","guid":{"rendered":"http:\/\/www.pascal.cl\/?page_id=13"},"modified":"2017-06-07T14:45:54","modified_gmt":"2017-06-07T18:45:54","slug":"reprecentaciones","status":"publish","type":"page","link":"https:\/\/www.pascal.cl\/?page_id=13","title":{"rendered":"REPRESENTACIONES"},"content":{"rendered":"<p style=\"text-align: center;\"><strong><em>FABRICAS DE REPUESTOS AUTOMOTRICES REPRESENTADAS PARA CHILE.<\/em><\/strong><\/p>\n<table border=\"0\">\n<tbody>\n<tr>\n<td style=\"width: 200px;\">\n<p style=\"text-align: center;\"><strong><em>\u00a0<\/em><\/strong><br \/>\n<img loading=\"lazy\" src=\"http:\/\/www.pascal.cl\/wp-content\/uploads\/2014\/06\/1a.jpg\" alt=\"\" width=\"70\" height=\"90\" \/><br \/>\n<img loading=\"lazy\" src=\"http:\/\/www.pascal.cl\/wp-content\/uploads\/2014\/06\/1b.jpg\" alt=\"\" width=\"70\" height=\"90\" \/><\/p>\n<p style=\"text-align: center;\"><strong><em>AIRTEX DE ESTADOS UNIDOS.<\/em><\/strong><br \/>\n<em>Bombas automotrices de \u00a0gasolina el\u00e9ctricas y mec\u00e1nicas.<\/em><br \/>\n<a href=\"http:\/\/www.airtexproducts.com\"title=\"Clic aqu&iacute;\" target=\"_blank\" ><\/p>\n<p style=\"text-align: center;\"><em>M\u00e1s informaci\u00f3n&#8230;<\/em><\/strong><\/a>\n<\/td>\n<td width=\"2\" style=\"width: 200px;\">\n<p style=\"text-align: center;\"><strong><em>\u00a0<\/em><\/strong><br \/>\n<img loading=\"lazy\" src=\"http:\/\/www.pascal.cl\/wp-content\/uploads\/2014\/06\/1a.jpg\" alt=\"\" width=\"70\" height=\"90\" \/><br \/>\n<img loading=\"lazy\" src=\"http:\/\/www.pascal.cl\/wp-content\/uploads\/2014\/06\/1b.jpg\" alt=\"\" width=\"70\" height=\"90\" \/><\/p>\n<p style=\"text-align: center;\"><strong><em>AIRTEX DE ESPA\u00d1A.<\/em><\/strong><br \/>\n<em>Bombas de agua y gasolina para veh\u00edculos europeos.<\/em><br \/>\n<a href=\"http:\/\/www.airtex.es\/\"title=\"Clic aqu&iacute;\" target=\"_blank\" ><\/p>\n<p style=\"text-align: center;\"><em>M\u00e1s informaci\u00f3n&#8230;<\/em><\/a>\n<\/td>\n<td width=\"2\" style=\"width: 200px;\">\n<p style=\"text-align: center;\"><strong><em><br \/>\n<img loading=\"lazy\" src=\"http:\/\/www.pascal.cl\/wp-content\/uploads\/2014\/08\/2a.png\" alt=\"\" width=\"70\" height=\"90\" \/><br \/>\n<img loading=\"lazy\" src=\"http:\/\/www.pascal.cl\/wp-content\/uploads\/2014\/08\/2b.jpg\" alt=\"\" width=\"70\" height=\"90\" \/><br \/>\n<\/em><\/strong><\/p>\n<p style=\"text-align: center;\"><strong><em>ASC INDUSTRIES INC. DE ESTADOS UNIDOS.<\/em><\/strong><br \/>\n<em>Bombas de agua veh\u00edculos americanos, coreanos y japoneses.<\/em><br \/>\n<a href=\"http:\/\/www.asc-ind.com\/\"title=\"Clic aqu&iacute;\" target=\"_blank\" ><\/p>\n<p style=\"text-align: center;\"><em>M\u00e1s informaci\u00f3n&#8230;<\/em><\/a>\n<\/td>\n<td width=\"2\" style=\"width: 200px;\">\n<p style=\"text-align: center;\"><strong><em>\u00a0<\/em><\/strong><br \/>\n<img loading=\"lazy\" src=\"http:\/\/www.pascal.cl\/wp-content\/uploads\/2014\/08\/3a.jpg\" alt=\"\" width=\"60\" height=\"90\" \/><br \/>\n<img loading=\"lazy\" src=\"http:\/\/www.pascal.cl\/wp-content\/uploads\/2014\/08\/3b.jpg\" alt=\"\" width=\"60\" height=\"90\" \/><\/p>\n<p style=\"text-align: center;\"><strong><em>BASSO S.A. DE ARGENTINA.<\/em><\/strong><br \/>\n<em>V\u00e1lvulas de motor, gu\u00edas y asientos de la afamada marca \u201cBBB\u201d para la l\u00ednea liviana y pesada.<\/em><br \/>\n<a href=\"http:\/\/www.basso.com.ar\/\"title=\"Clic aqu&iacute;\" target=\"_blank\" ><\/p>\n<p style=\"text-align: center;\"><em>M\u00e1s informaci\u00f3n&#8230;<\/em><\/a><\/p>\n<tr>\n<td width=\"2\" style=\"width: 200px;\">\n<p style=\"text-align: center;\"><strong><em><img loading=\"lazy\" class=\"\" src=\"http:\/\/www.pascal.cl\/wp-content\/uploads\/2014\/08\/9a.jpg\" alt=\"\" width=\"136\" height=\"68\" \/><br \/>\n<\/em><\/strong><\/p>\n<p style=\"text-align: center;\"><strong><em>BUTUEM DE BRASIL.<\/em><\/strong><br \/>\n<em>Kits de pasadores de mu\u00f1on para la l\u00ednea pesada de veh\u00edculos brasile\u00f1os.<\/em><br \/>\n<a href=\"http:\/\/www.butuem.com.br\/\"title=\"Clic aqu&iacute;\" target=\"_blank\" ><\/p>\n<p style=\"text-align: center;\"><em>M\u00e1s informaci\u00f3n&#8230;<\/em><\/a><\/p>\n<\/td>\n<td width=\"2\" style=\"width: 200px;\">\n<p style=\"text-align: center;\"><strong><em><br \/>\n<img loading=\"lazy\" class=\"\" src=\"http:\/\/www.pascal.cl\/wp-content\/uploads\/2014\/08\/10a.png\" alt=\"\" width=\"97\" height=\"22\" \/><\/em><\/strong><\/p>\n<p style=\"text-align: center;\"><strong><em> <img loading=\"lazy\" class=\"\" src=\"http:\/\/www.pascal.cl\/wp-content\/uploads\/2014\/08\/10b.jpg\" alt=\"\" width=\"77\" height=\"33\" \/>\u00a0<\/em><\/strong><\/p>\n<p style=\"text-align: center;\"><strong><em>BONEM S.A DE COLOMBIA.<\/em><\/strong><br \/>\n<em>Discos y prensas de embrague de la marca \u201cBORG WARNER\u201d.<\/em><br \/>\n<a href=\"http:\/\/www.bonem.com.co\/\"title=\"Clic aqu&iacute;\" target=\"_blank\" ><\/p>\n<p style=\"text-align: center;\"><em>M\u00e1s informaci\u00f3n&#8230;<\/em><\/a><\/p>\n<\/td>\n<td width=\"2\" style=\"width: 200px;\">\n<p style=\"text-align: center;\"><strong><em><br \/>\n<img loading=\"lazy\" class=\"\" src=\"http:\/\/www.pascal.cl\/wp-content\/uploads\/2016\/12\/7a.jpg\" alt=\"\" width=\"109\" height=\"46\" \/><br \/>\n<\/em><\/strong><br \/>\n<img loading=\"lazy\" class=\"\" src=\"http:\/\/www.pascal.cl\/wp-content\/uploads\/2016\/12\/7b.jpg\" alt=\"\" width=\"80\" height=\"80\" \/><\/p>\n<p style=\"text-align: center;\"><strong><em>TMD FRICTION-COBREQ.<\/em><\/strong><br \/>\n<em>Amplia gama de pastillas y balatas de freno para las l\u00edneas liviana y pesada<\/em><br \/>\n<a href=\"http:\/\/www.cobreq.com.br\/\"title=\"Clic aqu&iacute;\" target=\"_blank\" ><\/p>\n<p style=\"text-align: center;\"><em>M\u00e1s informaci\u00f3n&#8230;<\/em><\/a><br \/>\n&#8221;\n<\/td>\n<td width=\"2\" style=\"width: 200px;\">\n<p style=\"text-align: center;\"><strong><em><br \/>\n<img loading=\"lazy\" class=\"\" src=\"http:\/\/www.pascal.cl\/wp-content\/uploads\/2014\/08\/12a.jpg\" alt=\"\" width=\"84\" height=\"101\" \/><br \/>\n<\/em><\/strong><br \/>\n<img loading=\"lazy\" src=\"http:\/\/www.pascal.cl\/wp-content\/uploads\/2014\/08\/12b.jpg\" alt=\"\" width=\"90\" height=\"90\" \/><\/p>\n<p style=\"text-align: center;\"><strong><em>FLOSSER DE ALEMANIA.<\/em><\/strong><br \/>\n<em>Ampolletas, fusibles, relais y bocinas marca \u201cFlosser\u201d<\/em><br \/>\n<a href=\"http:\/\/www.flosser.com\/\"title=\"Clic aqu&iacute;\" target=\"_blank\" ><\/p>\n<p style=\"text-align: center;\"><em>M\u00e1s informaci\u00f3n&#8230;<\/em><\/a><\/p>\n<\/td>\n<\/tr>\n<tr>\n<td width=\"2\" style=\"width: 200px;\">\n<p style=\"text-align: center;\"><strong><em><img loading=\"lazy\" src=\"http:\/\/www.pascal.cl\/wp-content\/uploads\/2014\/08\/13b.jpg\" alt=\"\" width=\"90\" height=\"90\" \/>\u00a0<\/em><\/strong><\/p>\n<p><img loading=\"lazy\" class=\"aligncenter\" src=\"http:\/\/www.pascal.cl\/wp-content\/uploads\/2016\/12\/13a.jpg\" alt=\"\" width=\"100\" height=\"52\" \/><\/p>\n<p style=\"text-align: center;\"><strong><em>HDS MECPAR DE BRASIL.<\/em><\/strong><br \/>\n<em>L\u00ednea completa de crucetas, cardanes, partes de cardanes, partes de suspensi\u00f3n y juntas homocin\u00e9ticas.<\/em><br \/>\n<a href=\"http:\/\/www.mecpar.com\/\"title=\"Clic aqu&iacute;\" target=\"_blank\" ><\/p>\n<p style=\"text-align: center;\"><em>M\u00e1s informaci\u00f3n&#8230;<\/em><\/a><\/p>\n<\/td>\n<td width=\"2\" style=\"width: 200px;\">\n<p style=\"text-align: center;\"><strong><em>\u00a0<\/em><\/strong><br \/>\n<img loading=\"lazy\" src=\"http:\/\/www.pascal.cl\/wp-content\/uploads\/2014\/08\/28a.jpg\" alt=\"\" width=\"90\" height=\"90\" \/><br \/>\n<img loading=\"lazy\" src=\"http:\/\/www.pascal.cl\/wp-content\/uploads\/2014\/08\/28b.jpg\" alt=\"\" width=\"90\" height=\"90\" \/><\/p>\n<p style=\"text-align: center;\"><strong><em>WELLS MANUFACTURING INC. <\/em><\/strong><strong><em>DE ESTADOS UNIDOS.<\/em><\/strong><br \/>\n<em>Ofrece una amplia gama de productos el\u00e9ctricos y\u00a0 encendido electr\u00f3nico para la l\u00ednea liviana.<\/em><br \/>\n<a href=\"http:\/\/www.wellsve.com\/\"title=\"Clic aqu&iacute;\" target=\"_blank\" ><\/p>\n<p style=\"text-align: center;\"><em>M\u00e1s informaci\u00f3n&#8230;<\/em><\/a><\/p>\n<\/td>\n<td width=\"2\" style=\"width: 200px;\">\n<p style=\"text-align: center;\"><strong><em>\u00a0<\/em><\/strong><br \/>\n<img loading=\"lazy\" src=\"http:\/\/www.pascal.cl\/wp-content\/uploads\/2014\/08\/15a.jpg\" alt=\"\" width=\"90\" height=\"90\" \/><br \/>\n<img loading=\"lazy\" src=\"http:\/\/www.pascal.cl\/wp-content\/uploads\/2014\/08\/15b.jpg\" alt=\"\" width=\"90\" height=\"90\" \/><\/p>\n<p style=\"text-align: center;\"><strong><em>INCODIESEL DE BRASIL.<\/em><\/strong><br \/>\n<em>Ca\u00f1erias y componentes de inyecci\u00f3n para motores diesel.<\/em><br \/>\n<a href=\"http:\/\/www.ideia2001.com.br\/CatExp\/InstalarCatalogoIncodiesel\"title=\"Clic aqu&iacute;\" target=\"_blank\" ><\/p>\n<p style=\"text-align: center;\"><em>M\u00e1s informaci\u00f3n&#8230;<\/em><\/a><\/p>\n<\/td>\n<td width=\"2\" style=\"width: 200px;\">\n<p style=\"text-align: center;\"><strong><em>\u00a0<\/em><\/strong><br \/>\n<img loading=\"lazy\" src=\"http:\/\/www.pascal.cl\/wp-content\/uploads\/2014\/08\/16a.jpg\" alt=\"\" width=\"90\" height=\"90\" \/><br \/>\n<img loading=\"lazy\" src=\"http:\/\/www.pascal.cl\/wp-content\/uploads\/2014\/08\/16b.jpg\" alt=\"\" width=\"90\" height=\"90\" \/><\/p>\n<p style=\"text-align: center;\"><strong><em>IMA CUSCINETTI DE ITALIA<\/em><\/strong><br \/>\n<em>Amplia gama de rodamientos industriales y automotrices para las l\u00edneas liviana y pesada, kits de ruedas, tensores de correas, masas de ruedas etc.<\/em><br \/>\n<a href=\"http:\/\/www.imacuscinetti.it\/\"title=\"Clic aqu&iacute;\" target=\"_blank\" ><\/p>\n<p style=\"text-align: center;\"><em>M\u00e1s informaci\u00f3n&#8230;<\/em><\/a><\/p>\n<\/td>\n<\/tr>\n<tr>\n<td width=\"2\" style=\"width: 200px;\">\n<p style=\"text-align: center;\"><strong><em>\u00a0<\/em><\/strong><br \/>\n<img loading=\"lazy\" src=\"http:\/\/www.pascal.cl\/wp-content\/uploads\/2014\/08\/21a.jpg\" alt=\"\" width=\"90\" height=\"90\" \/><br \/>\n<img loading=\"lazy\" src=\"http:\/\/www.pascal.cl\/wp-content\/uploads\/2014\/08\/21b.jpg\" alt=\"\" width=\"90\" height=\"90\" \/><\/p>\n<p style=\"text-align: center;\"><strong><em>MARCO DE ITALIA.<\/em><\/strong><br \/>\n<em>Bocinas neum\u00e1ticas, electroneum\u00e1ticas, electromagn\u00e9ticas multifuncionales, bombas para transferencia de l\u00edquidos alimenticios, qu\u00edmicos, aceites, petr\u00f3leo.<\/em><br \/>\n<a href=\"http:\/\/www.marco.it\/\"title=\"Clic aqu&iacute;\" target=\"_blank\" ><\/p>\n<p style=\"text-align: center;\"><em>M\u00e1s informaci\u00f3n&#8230;<\/em><\/a><\/p>\n<\/td>\n<td width=\"2\" style=\"width: 200px;\">\n<p style=\"text-align: center;\"><strong><em>\u00a0<\/em><\/strong><br \/>\n<img loading=\"lazy\" src=\"http:\/\/www.pascal.cl\/wp-content\/uploads\/2014\/08\/27a.jpg\" alt=\"\" width=\"150\" height=\"90\" \/><\/p>\n<p style=\"text-align: center;\"><img loading=\"lazy\" src=\"http:\/\/www.pascal.cl\/wp-content\/uploads\/2014\/08\/27b.jpg\" alt=\"\" width=\"90\" height=\"90\" \/><\/p>\n<p style=\"text-align: center;\"><strong><em>CONTINENTAL <br \/>ex GOODYEAR.<\/br><\/em><\/strong><\/p>\n<p style=\"text-align: center;\"><em>L\u00ednea completa de correas CONTINENTAL\u00a0para autom\u00f3viles, camiones , buses, tractores y maquinaria industrial. Pulmones de suspensi\u00f3n para la l\u00ednea pesada.<\/em><br \/>\n<a href=\"http:\/\/www.continental.com.br\/\"title=\"Clic aqu&iacute;\" target=\"_blank\" ><\/p>\n<p style=\"text-align: center;\"><em>M\u00e1s informaci\u00f3n&#8230;<\/em><\/a><\/p>\n<\/td>\n<td width=\"2\" style=\"width: 200px;\">\n<p style=\"text-align: center;\"><img loading=\"lazy\" class=\"\" src=\"http:\/\/www.pascal.cl\/wp-content\/uploads\/2014\/08\/23a.jpg\" alt=\"\" width=\"91\" height=\"45\" \/><\/p>\n<p><img loading=\"lazy\" class=\"aligncenter\" src=\"http:\/\/www.pascal.cl\/wp-content\/uploads\/2014\/08\/23b.jpg\" alt=\"\" width=\"90\" height=\"90\" \/><\/p>\n<p style=\"text-align: center;\"><strong><em>SCHEBOR do Brasil <br \/>ex SCHRADER.<\/br><\/em><\/strong><br \/>\n<em>V\u00e1lvulas y parches para neum\u00e1ticos , herramientas para vulcanizaci\u00f3n.<\/em><br \/>\n<a href=\"http:\/\/www.schrader.com\/\"title=\"Clic aqu&iacute;\" target=\"_blank\" ><\/p>\n<p style=\"text-align: center;\"><em>M\u00e1s informaci\u00f3n&#8230;<\/em><\/a><\/p>\n<\/td>\n<td width=\"2\" style=\"width: 200px;\">\n<p style=\"text-align: center;\"><strong><em>\u00a0<\/em><\/strong><br \/>\n<img loading=\"lazy\" src=\"http:\/\/www.pascal.cl\/wp-content\/uploads\/2014\/08\/26a.jpg\" alt=\"\" width=\"90\" height=\"90\" \/><br \/>\n<img loading=\"lazy\" src=\"http:\/\/www.pascal.cl\/wp-content\/uploads\/2014\/08\/26b.jpg\" alt=\"\" width=\"90\" height=\"90\" \/><\/p>\n<p style=\"text-align: center;\"><strong><em>URBA \/ BROSOL DE BRASIL.<\/em><\/strong><br \/>\n<em>L\u00ednea completa de bombas de agua y sus reparaciones. Bombas de gasolina el\u00e9ctricas y mec\u00e1nicas. Bombas de aceite. \u00a0Carburadores y reparaciones para veh\u00edculos brasile\u00f1os.<\/em><br \/>\n<a href=\"http:\/\/www.urba-brosol.com\/\"title=\"Clic aqu&iacute;\" target=\"_blank\" ><\/p>\n<p style=\"text-align: center;\"><em>M\u00e1s informaci\u00f3n&#8230;<\/em><\/a><\/p>\n<\/td>\n<\/tr>\n<tr>\n<td width=\"2\" style=\"width: 200px;\">\n<p style=\"text-align: center;\"><strong><em>\u00a0<\/em><\/strong><br \/>\n<img loading=\"lazy\" class=\"\" src=\"http:\/\/www.pascal.cl\/wp-content\/uploads\/2014\/08\/25a.gif\" alt=\"\" width=\"180\" height=\"18\" \/><br \/>\n<img loading=\"lazy\" class=\"\" src=\"http:\/\/www.pascal.cl\/wp-content\/uploads\/2014\/08\/25b.jpg\" alt=\"\" width=\"96\" height=\"32\" \/><\/p>\n<p style=\"text-align: center;\"><strong><em>TMM BRUMMER DE MEXICO.<\/em><\/strong><br \/>\n<em>Bombas de agua para la l\u00ednea liviana y pesada. Bombas de gasolina el\u00e9ctricas marca \u201cMaster\u201d.<\/em><br \/>\n<a href=\"http:\/\/www.brummer.com.mx\/\"title=\"Clic aqu&iacute;\" target=\"_blank\" ><\/p>\n<p style=\"text-align: center;\"><em>M\u00e1s informaci\u00f3n&#8230;<\/em><\/a><\/p>\n<\/td>\n<td width=\"2\" style=\"width: 200px;\">\n<p style=\"text-align: center;\"><strong><em><img loading=\"lazy\" src=\"http:\/\/www.pascal.cl\/wp-content\/uploads\/2014\/08\/20a.jpg\" alt=\"\" width=\"90\" height=\"90\" \/>\u00a0<\/em><\/strong><\/p>\n<p style=\"text-align: center;\"><strong><em>MACWAY COMERCIAL EXPORTADORA LTDA DE BRASIL<\/em><\/strong><br \/>\n<em>Amplia gama de repuestos para la l\u00ednea liviana de veh\u00edculos brasile\u00f1os.<\/em><br \/>\n<a href=\"http:\/\/macwaytrading.com\/\"title=\"Clic aqu&iacute;\" target=\"_blank\" ><\/p>\n<p style=\"text-align: center;\"><em>M\u00e1s informaci\u00f3n&#8230;<\/em><\/a><\/p>\n<\/td>\n<td width=\"2\" style=\"width: 200px;\">\n<p style=\"text-align: center;\"><strong><em><img loading=\"lazy\" src=\"http:\/\/www.pascal.cl\/wp-content\/uploads\/2014\/08\/18a.gif\" alt=\"\" width=\"90\" height=\"90\" \/>\u00a0<\/em><\/strong><\/p>\n<p style=\"text-align: center;\"><strong><em>MECDIESEL DE ITALIA.<\/em><\/strong><br \/>\n<em>Partes de motor, distribuci\u00f3n, bombas de agua y aceite para la l\u00ednea pesada europea M.Benz, Scania, Volvo, Renault, Iveco.<\/em><br \/>\n<a href=\"http:\/\/www.mecdiesel.it\/\"title=\"Clic aqu&iacute;\" target=\"_blank\" ><\/p>\n<p style=\"text-align: center;\"><em>M\u00e1s informaci\u00f3n&#8230;<\/em><\/a><\/p>\n<\/td>\n<td width=\"2\" style=\"width: 200px;\">\n<p style=\"text-align: center;\"><strong><em>\u00a0<\/em><\/strong><br \/>\n<img loading=\"lazy\" src=\"http:\/\/www.pascal.cl\/wp-content\/uploads\/2014\/08\/19a.jpg\" alt=\"\" width=\"90\" height=\"90\" \/><br \/>\n<img loading=\"lazy\" src=\"http:\/\/www.pascal.cl\/wp-content\/uploads\/2014\/08\/19b.jpg\" alt=\"\" width=\"90\" height=\"90\" \/><\/p>\n<p style=\"text-align: center;\"><strong><em>MLH VERNET DE ARGENTINA.<\/em><\/strong><br \/>\n<em>Termostatos y termocontactos para las l\u00edneas liviana y pesada.<\/em><br \/>\n<a href=\"http:\/\/www.mlhvernet.com.ar\/\"title=\"Clic aqu&iacute;\" target=\"_blank\" ><\/p>\n<p style=\"text-align: center;\"><em>M\u00e1s informaci\u00f3n&#8230;<\/em><\/a><\/p>\n<\/td>\n<\/tr>\n<\/td>\n<\/tr>\n<\/tbody>\n<\/table>\n","protected":false},"excerpt":{"rendered":"<p>FABRICAS DE REPUESTOS AUTOMOTRICES REPRESENTADAS PARA CHILE. \u00a0 AIRTEX DE ESTADOS UNIDOS. Bombas automotrices de \u00a0gasolina el\u00e9ctricas y mec\u00e1nicas. M\u00e1s informaci\u00f3n&#8230; \u00a0 AIRTEX DE ESPA\u00d1A. Bombas de agua y gasolina para veh\u00edculos europeos. M\u00e1s informaci\u00f3n&#8230; ASC INDUSTRIES INC. DE ESTADOS UNIDOS. Bombas de agua veh\u00edculos americanos, coreanos y japoneses. M\u00e1s informaci\u00f3n&#8230; \u00a0 BASSO S.A. DE [&hellip;]<\/p>\n","protected":false},"author":1,"featured_media":0,"parent":0,"menu_order":2,"comment_status":"closed","ping_status":"closed","template":"","meta":[],"_links":{"self":[{"href":"https:\/\/www.pascal.cl\/index.php?rest_route=\/wp\/v2\/pages\/13"}],"collection":[{"href":"https:\/\/www.pascal.cl\/index.php?rest_route=\/wp\/v2\/pages"}],"about":[{"href":"https:\/\/www.pascal.cl\/index.php?rest_route=\/wp\/v2\/types\/page"}],"author":[{"embeddable":true,"href":"https:\/\/www.pascal.cl\/index.php?rest_route=\/wp\/v2\/users\/1"}],"replies":[{"embeddable":true,"href":"https:\/\/www.pascal.cl\/index.php?rest_route=%2Fwp%2Fv2%2Fcomments&post=13"}],"version-history":[{"count":157,"href":"https:\/\/www.pascal.cl\/index.php?rest_route=\/wp\/v2\/pages\/13\/revisions"}],"predecessor-version":[{"id":384,"href":"https:\/\/www.pascal.cl\/index.php?rest_route=\/wp\/v2\/pages\/13\/revisions\/384"}],"wp:attachment":[{"href":"https:\/\/www.pascal.cl\/index.php?rest_route=%2Fwp%2Fv2%2Fmedia&parent=13"}],"curies":[{"name":"wp","href":"https:\/\/api.w.org\/{rel}","templated":true}]}}